{"id":198,"date":"2017-03-14T09:59:25","date_gmt":"2017-03-14T06:59:25","guid":{"rendered":"http:\/\/www.bilgemen.com\/?page_id=198"},"modified":"2019-02-08T10:20:33","modified_gmt":"2019-02-08T07:20:33","slug":"programlar","status":"publish","type":"page","link":"https:\/\/www.bilgemen.com\/?page_id=198","title":{"rendered":"Program A\u00e7\u0131klamalar\u0131"},"content":{"rendered":"<table>\n<tbody>\n<tr>\n<td><strong>Stoklu sat\u0131\u015f Program\u0131<\/strong><\/p>\n<p>\u00dcr\u00fcn \u00f6zel kod tan\u0131mlamal\u0131 stok giri\u015fi ve stok \u00e7\u0131k\u0131\u015f\u0131 yapabilen ayr\u0131aca rapor tutabilen bir programd\u0131r. Kullan\u0131c\u0131 ad\u0131 ve \u015fifresi : demo<\/p>\n<p>&nbsp;<\/td>\n<\/tr>\n<tr>\n<td><strong>Apartman Y\u00f6netici Program\u0131<\/strong><\/p>\n<p>Apartman y\u00f6neticilerin i\u015fini kolayla\u015ft\u0131racak bir program.<\/p>\n<p>Bu program\u0131 kullanabilmek i\u00e7in bilgisayar\u0131n\u0131zda ofis 2010 y\u00fckl\u00fc olmas\u0131 gerekmektedir. Demo s\u00fcr\u00fcm\u00fcn\u00fc indir butonundan indirip deneyebilirsiniz. \u00dccretli s\u00fcr\u00fcm\u00fc 25.00 tl dir.<\/p>\n<p>&nbsp;<\/td>\n<\/tr>\n<tr>\n<td><strong>Kasa Program\u0131<\/strong><\/p>\n<p>Gelir ve giderlerinizi kontrol ederek i\u015flerinizi kolayla\u015ft\u0131racak bir program<\/td>\n<\/tr>\n<tr>\n<td><strong>Telefon defteri<\/strong><\/p>\n<p>Telefon Numaralar\u0131n\u0131z kay\u0131t alt\u0131nda tutar<\/td>\n<\/tr>\n<tr>\n<td><strong>Kuru Temizleme Program\u0131<\/strong><\/p>\n<p>Kuru temizleme program\u0131 her m\u00fc\u015fteriye ayr\u0131 bir numara verir m\u00fc\u015fteri geldi\u011finde ad\u0131n\u0131 yazd\u0131\u011f\u0131n\u0131zda otamatik olarak kay\u0131tl\u0131 numaras\u0131n\u0131 kar\u015f\u0131s\u0131na yazar hizmetlerinizin bedelini kay\u0131t alt\u0131nda tutar e\u011fer m\u00fc\u015fteri \u00f6deme yapmazsa m\u00fc\u015fterinin bakiyesinde bakiye olarak g\u00f6z\u00fck\u00fcr roporlama \u00f6zelli\u011fi ile hangi m\u00fc\u015fteri ka\u00e7 defa gelmi\u015f ne kadar borcu var hepsini rahat bir \u015fekilde g\u00f6rebilirsiniz.<\/p>\n<p>Not : Program d\u00fczg\u00fcn \u00e7al\u0131\u015fabilmesi i\u00e7in d s\u00fcr\u00fcc\u00fcs\u00fc i\u00e7erisinde bilgemendry klas\u00f6r\u00fcn\u00fcn i\u00e7ine kurulu olmas\u0131 gerekmektedir. Ofis 2010 s\u00fcr\u00fcm\u00fcn\u00fc haricindeki s\u00fcr\u00fcmlerde d\u00fczg\u00fcn \u00e7al\u0131\u015fmayacakt\u0131r\u00e7 Sisteminize ofis 2010 nun kurulu olmas\u0131 gerekmektedir.<\/p>\n<p>Barkod yaz\u0131c\u0131n\u0131z varsa m\u00fc\u015fterinin g\u00fcncel bor\u00e7 ve \u00fcr\u00fcn bilgilerini m\u00fc\u015fteri numaras\u0131n\u0131 ismini ve istenen t\u00fcm bilgilerini yaz\u0131c\u0131dan \u00e7\u0131kt\u0131 al\u0131r.<\/p>\n<p>2015 VERS\u0130YONUNA EK OLARAK<\/p>\n<p>Barkodla \u00fcr\u00fcn ekleme yazd\u0131rma ve teslim etme \u00f6zelli\u011fi eklendi ilave ek d\u00fczeltmeler yap\u0131ld\u0131. Barkod \u00f6zelli\u011finin \u00e7al\u0131\u015fabilmesi i\u00e7in program kurulduktan sonra D\/bilgemendry\/barkod klas\u00f6r\u00fcn\u00fcn i\u00e7indeki fontu font klas\u00f6r\u00fcne kurmal\u0131s\u0131n\u0131z.<\/p>\n<p>Giri\u015f Kullan\u0131c\u0131 ad\u0131 ve \u015fifresi : demo<br \/>\nProgram a\u00e7\u0131ld\u0131ktan sonra men\u00fc butonuna t\u0131klay\u0131nca sorulan \u015fifre ise bo\u015fluk tu\u015fudur.<\/p>\n<p>Program\u0131 kullanan kuru temizlemeciler :<\/p>\n<p>Uzman Kuru temizleme : 05424686998<\/p>\n<p>Viva Kuru Temizleme : 05424484832<br \/>\nSolmaz Kuru Temizleme<br \/>\nSon g\u00fcncelleme 03.08.2017<\/td>\n<\/tr>\n<tr>\n<td>\n<h5><strong>Parmak Etiket Program\u0131 : <\/strong>Bu program Lcwak\u0131k\u0131 ma\u011fazalar\u0131 i\u00e7in haz\u0131rlanm\u0131\u015ft\u0131r.indirimli veya indirimsiz T\u00fcm \u00fcr\u00fcnlere parmak etiket basabilir. Parmak etikette barkod Line ve alt gurup bilgisi mevcuttur. Ayakkab\u0131lar ayr\u0131 olarak okutdu\u011funuz takdirde ayakkab\u0131 Yazd\u0131r butonuna t\u0131klayarak. ayakkab\u0131lar i\u00e7in 2 adet etiket yazd\u0131rabilirsiniz. Etiketin birinde t\u00fcmbilgiler mevcut olup di\u011ferinde sadece fiyat bilgileri olmayacakt\u0131r. T\u00fcm bilgileri mevcut olan\u0131 bo\u015f barkoda fiyat bilgisi olmayan\u0131 ise ayakkab\u0131lar\u0131n i\u00e7ine yap\u0131\u015ft\u0131rarak \u00fcr\u00fcn\u00fcn barkodu kopar\u0131lsa bile ayakkab\u0131n\u0131n i\u00e7indeki bilgiler kalacakt\u0131r.Fiyat\u0131 de\u011fi\u015fse bile ayakkab\u0131n\u0131n i\u00e7indeki barkodda fiyat bilgisi olmad\u0131\u011f\u0131ndan s\u0131k\u0131nt\u0131 yaratmayacakt\u0131r. Parmak etiketi yazarken otamatik olarak okutma s\u0131ras\u0131na basacakt\u0131r. Daha ayr\u0131nt\u0131l\u0131 bilgi i\u00e7in program\u0131n i\u00e7erisindeki kullan\u0131m klavuzuna bakabilirsiniz.. Not: Program\u0131n sa\u011fl\u0131kl\u0131 \u00e7al\u0131\u015fabilmesi i\u00e7in herg\u00fcn g\u00fcncellenmesi tavsiye edilir. Program Versiyon 2012_5 Son G\u00fcncelleme : 23.08.2012<\/h5>\n<\/td>\n<\/tr>\n<tr>\n<td><strong>Transfer ve Etiket Program\u0131. :<\/strong>Bu program Lcwak\u0131k\u0131 ma\u011fazalar\u0131 i\u00e7in haz\u0131rlanm\u0131\u015ft\u0131r.Bu Program\u0131n g\u00f6rsel tasar\u0131m\u0131 ve geli\u015ftirilmesi ali b\u00fcy\u00fck taraf\u0131ndan haz\u0131rlanm\u0131\u015ft\u0131r. Program zip \u015feklindedir. Program\u0131 temaposlardan indirmeyiniz. \u00c7\u00fcnk\u00fc i\u00e7erisindeki ses dosyas\u0131 otomatik olarak silinecektir. Ses \u00f6zelli\u011finden faydalanabilmek i\u00e7in Farkl\u0131 bir bilgisayardan indirip transfer klas\u00f6r\u00fcn\u00fcn bir kopyas\u0131n\u0131 kullanaca\u011f\u0131n\u0131z bilgisayar\u0131n c: s\u00fcr\u00fcc\u00fcs\u00fcne kopyalay\u0131n\u0131z.<strong>Program Versiyon 2012_8 Son G\u00fcncelleme : 03.08.2012<\/strong><\/td>\n<\/tr>\n<tr>\n<td><strong>Raf Etiket Program\u0131 : <\/strong>Bu Program Mevlana k\u0131rtasiye i\u00e7in haz\u0131rlanm\u0131\u015ft\u0131r.<\/p>\n<p>K\u00fc\u00e7\u00fck market veya perakendecilikle u\u011fra\u015fan i\u015fletmeler i\u00e7in raflara \u00fcr\u00fcn\u00fcn ad\u0131n\u0131 ve fiyat\u0131n\u0131 haz\u0131rlar. \u00dcr\u00fcnleri kaydetme \u00f6zelli\u011fi vard\u0131r. Ofice 2010 haz\u0131rlanm\u0131\u015f 2010 da kullan\u0131lmas\u0131 tavsiye edilir.<\/td>\n<\/tr>\n<tr>\n<td><strong>Televizyon Kanal\u0131 \u00dczerinden \u00dcr\u00fcn Sat\u0131\u015f Program\u0131 : <\/strong>Televizyon kanal\u0131 \u00fczerinden sat\u0131\u015f yapan programd\u0131r. Sat\u0131\u015f yapabilmek i\u00e7in Kanal, M\u00fc\u015fteri ve \u00fcr\u00fcn tan\u0131mlaman\u0131z gerekmektedir.<\/p>\n<p>Kullan\u0131c\u0131 ad\u0131 ve \u015fifresi : demo<\/td>\n<\/tr>\n<tr>\n<td><strong>So\u011fuk Hava Depo Kay\u0131t Program\u0131 :<\/strong> So\u011fuk hava depolar\u0131 i\u00e7in kay\u0131t olu\u015fturup m\u00fc\u015fteriye fi\u015f yazd\u0131r\u0131r. Tamamen otamatik olup kolay ve anla\u015f\u0131l\u0131r bir aray\u00fcze sahiptir.Program\u0131 Kullananlar : Alt\u0131gen So\u011fuk hava deposu 05453271642<\/td>\n<\/tr>\n<tr>\n<td><strong>Kasa a\u00e7\u0131k Fazla<\/strong><\/p>\n<p>Ma\u011fazalarda kasiyer olarak \u00e7al\u0131\u015fanlar\u0131n veya kasiyerlerden tahsilat yapan veznelerin kasiyerlerin a\u00e7\u0131k veya fazlalar\u0131n\u0131 takip alt\u0131nda tutup ayl\u0131k y\u0131ll\u0131k olarak raporlayabilirler.<\/td>\n<\/tr>\n<tr>\n<td><\/td>\n<\/tr>\n<\/tbody>\n<\/table>\n<p>&nbsp;<\/p>\n","protected":false},"excerpt":{"rendered":"<p>Stoklu sat\u0131\u015f Program\u0131 \u00dcr\u00fcn \u00f6zel kod tan\u0131mlamal\u0131 stok giri\u015fi ve stok \u00e7\u0131k\u0131\u015f\u0131 yapabilen ayr\u0131aca rapor tutabilen bir programd\u0131r. Kullan\u0131c\u0131 ad\u0131 ve \u015fifresi : demo &nbsp; Apartman Y\u00f6netici Program\u0131 Apartman y\u00f6neticilerin i\u015fini kolayla\u015ft\u0131racak bir program. Bu program\u0131 kullanabilmek i\u00e7in bilgisayar\u0131n\u0131zda ofis 2010 y\u00fckl\u00fc olmas\u0131 gerekmektedir. Demo s\u00fcr\u00fcm\u00fcn\u00fc indir butonundan indirip deneyebilirsiniz&#8230;. <a class=\"continue-reading-link\" href=\"https:\/\/www.bilgemen.com\/?page_id=198\"> Continue reading <span class=\"meta-nav\">&rarr; <\/span><\/a><\/p>\n","protected":false},"author":1,"featured_media":0,"parent":0,"menu_order":3,"comment_status":"closed","ping_status":"closed","template":"","meta":{"footnotes":""},"class_list":["post-198","page","type-page","status-publish","hentry"],"_links":{"self":[{"href":"https:\/\/www.bilgemen.com\/index.php?rest_route=\/wp\/v2\/pages\/198","targetHints":{"allow":["GET"]}}],"collection":[{"href":"https:\/\/www.bilgemen.com\/index.php?rest_route=\/wp\/v2\/pages"}],"about":[{"href":"https:\/\/www.bilgemen.com\/index.php?rest_route=\/wp\/v2\/types\/page"}],"author":[{"embeddable":true,"href":"https:\/\/www.bilgemen.com\/index.php?rest_route=\/wp\/v2\/users\/1"}],"replies":[{"embeddable":true,"href":"https:\/\/www.bilgemen.com\/index.php?rest_route=%2Fwp%2Fv2%2Fcomments&post=198"}],"version-history":[{"count":10,"href":"https:\/\/www.bilgemen.com\/index.php?rest_route=\/wp\/v2\/pages\/198\/revisions"}],"predecessor-version":[{"id":407,"href":"https:\/\/www.bilgemen.com\/index.php?rest_route=\/wp\/v2\/pages\/198\/revisions\/407"}],"wp:attachment":[{"href":"https:\/\/www.bilgemen.com\/index.php?rest_route=%2Fwp%2Fv2%2Fmedia&parent=198"}],"curies":[{"name":"wp","href":"https:\/\/api.w.org\/{rel}","templated":true}]}}