{"id":202,"date":"2017-03-14T10:02:08","date_gmt":"2017-03-14T08:02:08","guid":{"rendered":"http:\/\/www.bilgemen.com\/?page_id=202"},"modified":"2017-08-10T12:25:18","modified_gmt":"2017-08-10T09:25:18","slug":"banner-ve-web-calismalari","status":"publish","type":"page","link":"https:\/\/www.bilgemen.com\/?page_id=202","title":{"rendered":"Banner Ve Web \u00c7al\u0131\u015fmalar\u0131"},"content":{"rendered":"<h1><a href=\"depo\/kanal.exe\"><img loading=\"lazy\" decoding=\"async\" class=\"alignnone size-full wp-image-222\" src=\"http:\/\/www.bilgemen.com\/wp-content\/uploads\/2017\/03\/kanal.jpg\" alt=\"\" width=\"200\" height=\"161\" srcset=\"https:\/\/www.bilgemen.com\/wp-content\/uploads\/2017\/03\/kanal.jpg 200w, https:\/\/www.bilgemen.com\/wp-content\/uploads\/2017\/03\/kanal-186x150.jpg 186w, https:\/\/www.bilgemen.com\/wp-content\/uploads\/2017\/03\/kanal-150x121.jpg 150w\" sizes=\"auto, (max-width: 200px) 100vw, 200px\" \/><\/a><a href=\"yimpas\/\"><img loading=\"lazy\" decoding=\"async\" class=\"alignnone size-full wp-image-217\" src=\"http:\/\/www.bilgemen.com\/wp-content\/uploads\/2017\/03\/yim.png\" alt=\"\" width=\"200\" height=\"161\" srcset=\"https:\/\/www.bilgemen.com\/wp-content\/uploads\/2017\/03\/yim.png 200w, https:\/\/www.bilgemen.com\/wp-content\/uploads\/2017\/03\/yim-186x150.png 186w, https:\/\/www.bilgemen.com\/wp-content\/uploads\/2017\/03\/yim-150x121.png 150w\" sizes=\"auto, (max-width: 200px) 100vw, 200px\" \/><\/a><a href=\"karayollari\/\"><img loading=\"lazy\" decoding=\"async\" class=\"alignnone size-full wp-image-219\" src=\"http:\/\/www.bilgemen.com\/wp-content\/uploads\/2017\/03\/kara1.jpg\" alt=\"\" width=\"200\" height=\"161\" srcset=\"https:\/\/www.bilgemen.com\/wp-content\/uploads\/2017\/03\/kara1.jpg 200w, https:\/\/www.bilgemen.com\/wp-content\/uploads\/2017\/03\/kara1-186x150.jpg 186w, https:\/\/www.bilgemen.com\/wp-content\/uploads\/2017\/03\/kara1-150x121.jpg 150w\" sizes=\"auto, (max-width: 200px) 100vw, 200px\" \/><\/a><a href=\"koksan\/\"><img loading=\"lazy\" decoding=\"async\" class=\"alignnone size-full wp-image-220\" src=\"http:\/\/www.bilgemen.com\/wp-content\/uploads\/2017\/03\/koksan.jpg\" alt=\"\" width=\"200\" height=\"161\" srcset=\"https:\/\/www.bilgemen.com\/wp-content\/uploads\/2017\/03\/koksan.jpg 200w, https:\/\/www.bilgemen.com\/wp-content\/uploads\/2017\/03\/koksan-186x150.jpg 186w, https:\/\/www.bilgemen.com\/wp-content\/uploads\/2017\/03\/koksan-150x121.jpg 150w\" sizes=\"auto, (max-width: 200px) 100vw, 200px\" \/><\/a><a href=\"depo\/kus.exe\"><img decoding=\"async\" class=\"alignnone size-full wp-image-223\" src=\"http:\/\/www.bilgemen.com\/wp-content\/uploads\/2017\/03\/kus.jpg\" alt=\"\" width=\"200\" srcset=\"https:\/\/www.bilgemen.com\/wp-content\/uploads\/2017\/03\/kus.jpg 200w, https:\/\/www.bilgemen.com\/wp-content\/uploads\/2017\/03\/kus-186x150.jpg 186w, https:\/\/www.bilgemen.com\/wp-content\/uploads\/2017\/03\/kus-150x121.jpg 150w\" sizes=\"(max-width: 200px) 100vw, 200px\" \/><\/a><\/h1>\n<p><embed src=\"depo\/mns.swf\" width=\"350\" height=\"500\"><\/embed><br \/>\n<embed src=\"depo\/urfahaber.swf\" width=\"200\" height=\"150\"><\/embed><\/p>\n","protected":false},"excerpt":{"rendered":"","protected":false},"author":1,"featured_media":0,"parent":0,"menu_order":0,"comment_status":"closed","ping_status":"closed","template":"","meta":{"footnotes":""},"class_list":["post-202","page","type-page","status-publish","hentry"],"_links":{"self":[{"href":"https:\/\/www.bilgemen.com\/index.php?rest_route=\/wp\/v2\/pages\/202","targetHints":{"allow":["GET"]}}],"collection":[{"href":"https:\/\/www.bilgemen.com\/index.php?rest_route=\/wp\/v2\/pages"}],"about":[{"href":"https:\/\/www.bilgemen.com\/index.php?rest_route=\/wp\/v2\/types\/page"}],"author":[{"embeddable":true,"href":"https:\/\/www.bilgemen.com\/index.php?rest_route=\/wp\/v2\/users\/1"}],"replies":[{"embeddable":true,"href":"https:\/\/www.bilgemen.com\/index.php?rest_route=%2Fwp%2Fv2%2Fcomments&post=202"}],"version-history":[{"count":11,"href":"https:\/\/www.bilgemen.com\/index.php?rest_route=\/wp\/v2\/pages\/202\/revisions"}],"predecessor-version":[{"id":270,"href":"https:\/\/www.bilgemen.com\/index.php?rest_route=\/wp\/v2\/pages\/202\/revisions\/270"}],"wp:attachment":[{"href":"https:\/\/www.bilgemen.com\/index.php?rest_route=%2Fwp%2Fv2%2Fmedia&parent=202"}],"curies":[{"name":"wp","href":"https:\/\/api.w.org\/{rel}","templated":true}]}}